{"id":367,"date":"2024-10-03T20:57:13","date_gmt":"2024-10-03T18:57:13","guid":{"rendered":"https:\/\/ekinezstrategicmanagement.es\/?page_id=367"},"modified":"2024-10-03T20:59:17","modified_gmt":"2024-10-03T18:59:17","slug":"politica-de-cookies","status":"publish","type":"page","link":"https:\/\/ekinezstrategicmanagement.es\/en\/politica-de-cookies\/","title":{"rendered":"Cookies policy"},"content":{"rendered":"<div data-elementor-type=\"wp-page\" data-elementor-id=\"367\" class=\"elementor elementor-367\" data-elementor-post-type=\"page\">\n\t\t\t\t<div class=\"elementor-element elementor-element-270c0fe2 e-flex e-con-boxed e-con e-parent\" data-id=\"270c0fe2\" data-element_type=\"container\" data-e-type=\"container\">\n\t\t\t\t\t<div class=\"e-con-inner\">\n\t\t\t\t<div class=\"elementor-element elementor-element-31c4fec8 elementor-widget elementor-widget-text-editor\" data-id=\"31c4fec8\" data-element_type=\"widget\" data-e-type=\"widget\" data-widget_type=\"text-editor.default\">\n\t\t\t\t<div class=\"elementor-widget-container\">\n\t\t\t\t\t\t\t\t\t<h3>Cookies policy<\/h3><p>At <strong>EKINEZ STRATEGIC MANAGEMENT S.L.U.<\/strong> (en adelante, \u201cla Empresa\u201d) utilizamos cookies para mejorar la experiencia de los usuarios en nuestro sitio web <strong>ekinezstrategicmanagement.es<\/strong>. A continuaci\u00f3n, te explicamos qu\u00e9 son las cookies, c\u00f3mo las utilizamos y las opciones que tienes para gestionarlas.<\/p><hr \/><p><strong>\u00a0<\/strong><\/p><p><strong>1. \u00bfQu\u00e9 son las cookies?<\/strong><\/p><p>Las cookies son peque\u00f1os archivos de texto que se almacenan en tu dispositivo cuando visitas ciertos sitios web. Permiten que una p\u00e1gina web recuerde informaci\u00f3n sobre tu visita, como tus preferencias y configuraciones, para que la navegaci\u00f3n sea m\u00e1s eficiente y personalizada en futuras visitas.<\/p><p>\u00a0<\/p><hr \/><p><strong>\u00a0<\/strong><\/p><p><strong>2. Tipos de cookies que utilizamos<\/strong><\/p><p>At <strong>ekinezstrategicmanagement.es<\/strong> utilizamos los siguientes tipos de cookies:<\/p><ul><li><p><strong>Cookies t\u00e9cnicas o necesarias:<\/strong> Estas cookies son esenciales para que nuestro sitio web funcione correctamente. Sin ellas, no ser\u00eda posible navegar por la p\u00e1gina ni utilizar algunas de sus funciones.<\/p><\/li><li><p><strong>Cookies de personalizaci\u00f3n:<\/strong> Permiten recordar tus preferencias y configuraciones para mejorar tu experiencia de navegaci\u00f3n, como el idioma o la regi\u00f3n seleccionada.<\/p><\/li><li><p><strong>Cookies anal\u00edticas:<\/strong> Nos ayudan a entender c\u00f3mo interact\u00faan los usuarios con nuestro sitio web, recopilando informaci\u00f3n de manera an\u00f3nima. Esta informaci\u00f3n nos permite mejorar el funcionamiento del sitio y ofrecer una mejor experiencia.<\/p><\/li><li><p><strong>Cookies publicitarias:<\/strong> Estas cookies se utilizan para mostrar anuncios relevantes para ti y medir la efectividad de nuestras campa\u00f1as publicitarias.<\/p><\/li><\/ul><p>\u00a0<\/p><hr \/><p><strong>\u00a0<\/strong><\/p><p><strong>3. Finalidad de las cookies<\/strong><\/p><p>Las cookies que utilizamos nos permiten:<\/p><ul><li>Facilitar la navegaci\u00f3n en nuestro sitio web.<\/li><li>Recordar tus preferencias y configuraciones.<\/li><li>Mejorar el rendimiento y la seguridad del sitio.<\/li><li>Recopilar datos estad\u00edsticos an\u00f3nimos sobre el uso de nuestro sitio web.<\/li><li>Mostrarte anuncios personalizados en funci\u00f3n de tus intereses.<\/li><li>\u00a0<\/li><\/ul><hr \/><p><strong>\u00a0<\/strong><\/p><p><strong>4. Gesti\u00f3n de cookies<\/strong><\/p><p>Al acceder a nuestro sitio web, te informamos sobre el uso de cookies y te solicitamos tu consentimiento. Puedes aceptar, rechazar o configurar tus preferencias sobre las cookies en cualquier momento.<\/p><p>Adem\u00e1s, puedes configurar tu navegador para bloquear o eliminar cookies instaladas en tu dispositivo. A continuaci\u00f3n, te indicamos c\u00f3mo hacerlo en los navegadores m\u00e1s populares:<\/p><ul><li><strong>Google Chrome:<\/strong> <a target=\"_new\" rel=\"noopener\">Configuraci\u00f3n de cookies en Chrome<\/a><\/li><li><strong>Mozilla Firefox:<\/strong> <a href=\"https:\/\/support.mozilla.org\/es\/kb\/habilitar-y-deshabilitar-cookies-sitios-web-rastrear-preferencias\" target=\"_new\" rel=\"noopener\">Configuraci\u00f3n de cookies en Firefox<\/a><\/li><li><strong>Microsoft Edge:<\/strong> <a href=\"https:\/\/support.microsoft.com\/es-es\/microsoft-edge\/eliminar-cookies-en-microsoft-edge-63947406-40ac-c3b8-57b9-2a946a29ae09\" target=\"_new\" rel=\"noopener\">Configuraci\u00f3n de cookies en Edge<\/a><\/li><li><strong>Safari:<\/strong> <a href=\"https:\/\/support.apple.com\/es-es\/guide\/safari\/sfri11471\/mac\" target=\"_new\" rel=\"noopener\">Configuraci\u00f3n de cookies en Safari<\/a><\/li><\/ul><p>Ten en cuenta que si decides bloquear o eliminar ciertas cookies, es posible que algunas funciones del sitio no est\u00e9n disponibles o no funcionen correctamente.<\/p><p>\u00a0<\/p><hr \/><p><strong>\u00a0<\/strong><\/p><p><strong>5. Cookies de terceros<\/strong><\/p><p>En nuestro sitio web tambi\u00e9n utilizamos cookies de terceros, como Google Analytics, para recopilar informaci\u00f3n sobre el tr\u00e1fico web y el comportamiento de los usuarios de forma an\u00f3nima. Estas cookies son gestionadas por los proveedores de dichos servicios y la Empresa no tiene control sobre ellas. Te recomendamos revisar las pol\u00edticas de privacidad de estos proveedores para obtener m\u00e1s informaci\u00f3n.<\/p><p><strong style=\"background-color: transparent; text-align: var(--text-align); color: var( --e-global-color-text );\">Google Analytics:<\/strong> <a style=\"text-align: var(--text-align);\" target=\"_new\" rel=\"noopener\">Pol\u00edtica de cookies de Google<\/a><\/p><p><a style=\"text-align: var(--text-align);\" target=\"_new\" rel=\"noopener\">\u00a0<\/a><\/p><hr \/><p>\u00a0<\/p><p><strong>6. Actualizaci\u00f3n de la pol\u00edtica de cookies<\/strong><\/p><p>Nos reservamos el derecho de actualizar nuestra pol\u00edtica de cookies en cualquier momento. Cualquier cambio ser\u00e1 publicado en esta p\u00e1gina y te lo notificaremos si es necesario.<\/p><p>\u00a0<\/p><hr \/><p><strong>\u00a0<\/strong><\/p><p><strong>7. Contacto<\/strong><\/p><p>Si tienes alguna pregunta o duda sobre nuestra pol\u00edtica de cookies, puedes ponerte en contacto con nosotros a trav\u00e9s del correo electr\u00f3nico <strong><a rel=\"noopener\">info@ekinezstrategicmanagement.es<\/a><\/strong> o llamando al <strong>615745680<\/strong>.<\/p><p>\u00a0<\/p><hr \/><p>Fecha de publicaci\u00f3n: 2 de octubre de 2024<\/p>\t\t\t\t\t\t\t\t<\/div>\n\t\t\t\t<\/div>\n\t\t\t\t\t<\/div>\n\t\t\t\t<\/div>\n\t\t\t\t<\/div>","protected":false},"excerpt":{"rendered":"<p>Pol\u00edtica de cookies En EKINEZ STRATEGIC MANAGEMENT S.L.U. (en adelante, \u201cla Empresa\u201d) utilizamos cookies para mejorar la experiencia de los usuarios en nuestro sitio web ekinezstrategicmanagement.es. A continuaci\u00f3n, te explicamos qu\u00e9 son las cookies, c\u00f3mo las utilizamos y las opciones que tienes para gestionarlas. \u00a0 1. \u00bfQu\u00e9 son las cookies? Las cookies son peque\u00f1os archivos [&hellip;]<\/p>\n","protected":false},"author":1,"featured_media":0,"parent":0,"menu_order":0,"comment_status":"closed","ping_status":"closed","template":"","meta":{"footnotes":""},"class_list":["post-367","page","type-page","status-publish","hentry"],"_links":{"self":[{"href":"https:\/\/ekinezstrategicmanagement.es\/en\/wp-json\/wp\/v2\/pages\/367","targetHints":{"allow":["GET"]}}],"collection":[{"href":"https:\/\/ekinezstrategicmanagement.es\/en\/wp-json\/wp\/v2\/pages"}],"about":[{"href":"https:\/\/ekinezstrategicmanagement.es\/en\/wp-json\/wp\/v2\/types\/page"}],"author":[{"embeddable":true,"href":"https:\/\/ekinezstrategicmanagement.es\/en\/wp-json\/wp\/v2\/users\/1"}],"replies":[{"embeddable":true,"href":"https:\/\/ekinezstrategicmanagement.es\/en\/wp-json\/wp\/v2\/comments?post=367"}],"version-history":[{"count":4,"href":"https:\/\/ekinezstrategicmanagement.es\/en\/wp-json\/wp\/v2\/pages\/367\/revisions"}],"predecessor-version":[{"id":372,"href":"https:\/\/ekinezstrategicmanagement.es\/en\/wp-json\/wp\/v2\/pages\/367\/revisions\/372"}],"wp:attachment":[{"href":"https:\/\/ekinezstrategicmanagement.es\/en\/wp-json\/wp\/v2\/media?parent=367"}],"curies":[{"name":"wp","href":"https:\/\/api.w.org\/{rel}","templated":true}]}}