{"id":344,"date":"2024-10-03T20:41:24","date_gmt":"2024-10-03T18:41:24","guid":{"rendered":"https:\/\/ekinezstrategicmanagement.es\/?page_id=344"},"modified":"2024-10-03T20:48:14","modified_gmt":"2024-10-03T18:48:14","slug":"aviso-legal","status":"publish","type":"page","link":"https:\/\/ekinezstrategicmanagement.es\/en\/aviso-legal\/","title":{"rendered":"Legal Notice"},"content":{"rendered":"<div data-elementor-type=\"wp-page\" data-elementor-id=\"344\" class=\"elementor elementor-344\" data-elementor-post-type=\"page\">\n\t\t\t\t<div class=\"elementor-element elementor-element-3f6e7eb0 e-flex e-con-boxed e-con e-parent\" data-id=\"3f6e7eb0\" data-element_type=\"container\" data-e-type=\"container\">\n\t\t\t\t\t<div class=\"e-con-inner\">\n\t\t\t\t<div class=\"elementor-element elementor-element-16a08e34 elementor-widget elementor-widget-text-editor\" data-id=\"16a08e34\" data-element_type=\"widget\" data-e-type=\"widget\" data-widget_type=\"text-editor.default\">\n\t\t\t\t<div class=\"elementor-widget-container\">\n\t\t\t\t\t\t\t\t\t<h3>Legal Notice<\/h3><p>En cumplimiento con el deber de informaci\u00f3n estipulado en el art\u00edculo 10 de la Ley 34\/2002, de 11 de julio, de Servicios de la Sociedad de la Informaci\u00f3n y del Comercio Electr\u00f3nico, EKINEZ STRATEGIC MANAGEMENT S.L.U. (en adelante, \u00abla Empresa\u00bb), pone a disposici\u00f3n de los usuarios de la p\u00e1gina web <strong>ekinezstrategicmanagement.es<\/strong> la siguiente informaci\u00f3n legal:<\/p><hr \/><p><strong>\u00a0<\/strong><\/p><p><strong>1. Datos identificativos<\/strong><br \/>Raz\u00f3n Social: <strong>EKINEZ STRATEGIC MANAGEMENT S.L.U.<\/strong><br \/>NIF: <strong>B44873024<\/strong><br \/>Tel\u00e9fono: <strong>615745680<\/strong><br \/>Correo electr\u00f3nico de contacto: info@ekinezstrategicmanagement.es<br \/>Domicilio Social: Calle Arribiazpi, 4, 48100 Mungia, Bizkaia, Espa\u00f1a<\/p><hr \/><p><strong>\u00a0<\/strong><\/p><p><strong>2. Objeto y \u00e1mbito de aplicaci\u00f3n<\/strong><\/p><p>El presente Aviso Legal regula el acceso y uso de la p\u00e1gina web <strong>ekinezstrategicmanagement.es<\/strong> (en adelante, \u00abel Sitio Web\u00bb), que la Empresa pone a disposici\u00f3n de los usuarios de Internet. El acceso y\/o uso del Sitio Web otorga la condici\u00f3n de usuario, lo que implica la aceptaci\u00f3n plena y sin reservas de todas las disposiciones incluidas en este Aviso Legal.<\/p><hr \/><p><strong>\u00a0<\/strong><\/p><p><strong>3. Condiciones de uso<\/strong><\/p><p>El usuario se compromete a hacer un uso adecuado de los contenidos y servicios que la Empresa ofrece a trav\u00e9s del Sitio Web y a no emplearlos para incurrir en actividades il\u00edcitas, ilegales o contrarias a la buena fe y al orden p\u00fablico.<\/p><hr \/><p><strong>4. Propiedad intelectual e industrial<\/strong><\/p><p>Todos los contenidos del Sitio Web, incluidos, entre otros, textos, gr\u00e1ficos, im\u00e1genes, logotipos y dise\u00f1o, son propiedad de EKINEZ STRATEGIC MANAGEMENT S.L.U. o de sus leg\u00edtimos licenciantes. Queda prohibida la reproducci\u00f3n, distribuci\u00f3n, modificaci\u00f3n o cualquier otra forma de explotaci\u00f3n no autorizada expresamente por el titular de los derechos.<\/p><hr \/><p><strong>\u00a0<\/strong><\/p><p><strong>5. Exclusi\u00f3n de garant\u00edas y responsabilidad<\/strong><\/p><p>La Empresa no se hace responsable, en ning\u00fan caso, de los da\u00f1os y perjuicios de cualquier naturaleza que pudieran derivarse del mal uso del Sitio Web por parte de los usuarios.<\/p><hr \/><p><strong>\u00a0<\/strong><\/p><p><strong>6. Modificaciones<\/strong><\/p><p>La Empresa se reserva el derecho de efectuar, sin previo aviso, las modificaciones que considere oportunas en su Sitio Web, pudiendo cambiar, suprimir o a\u00f1adir tanto los contenidos y servicios que se presten a trav\u00e9s del mismo como la forma en la que \u00e9stos aparezcan presentados.<\/p><hr \/><p><strong>\u00a0<\/strong><\/p><p><strong>7. Ley aplicable y jurisdicci\u00f3n<\/strong><\/p><p>Las relaciones entre la Empresa y los usuarios del Sitio Web se regir\u00e1n por la normativa espa\u00f1ola vigente, y cualquier controversia se someter\u00e1 a los Juzgados y Tribunales de la ciudad de Bilbao, salvo que la legislaci\u00f3n aplicable disponga lo contrario.<\/p><hr \/><p>Fecha de publicaci\u00f3n: 2 de octubre de 2024<\/p>\t\t\t\t\t\t\t\t<\/div>\n\t\t\t\t<\/div>\n\t\t\t\t\t<\/div>\n\t\t\t\t<\/div>\n\t\t\t\t<\/div>","protected":false},"excerpt":{"rendered":"<p>Aviso Legal En cumplimiento con el deber de informaci\u00f3n estipulado en el art\u00edculo 10 de la Ley 34\/2002, de 11 de julio, de Servicios de la Sociedad de la Informaci\u00f3n y del Comercio Electr\u00f3nico, EKINEZ STRATEGIC MANAGEMENT S.L.U. (en adelante, \u00abla Empresa\u00bb), pone a disposici\u00f3n de los usuarios de la p\u00e1gina web ekinezstrategicmanagement.es la siguiente [&hellip;]<\/p>\n","protected":false},"author":1,"featured_media":0,"parent":0,"menu_order":0,"comment_status":"closed","ping_status":"closed","template":"","meta":{"footnotes":""},"class_list":["post-344","page","type-page","status-publish","hentry"],"_links":{"self":[{"href":"https:\/\/ekinezstrategicmanagement.es\/en\/wp-json\/wp\/v2\/pages\/344","targetHints":{"allow":["GET"]}}],"collection":[{"href":"https:\/\/ekinezstrategicmanagement.es\/en\/wp-json\/wp\/v2\/pages"}],"about":[{"href":"https:\/\/ekinezstrategicmanagement.es\/en\/wp-json\/wp\/v2\/types\/page"}],"author":[{"embeddable":true,"href":"https:\/\/ekinezstrategicmanagement.es\/en\/wp-json\/wp\/v2\/users\/1"}],"replies":[{"embeddable":true,"href":"https:\/\/ekinezstrategicmanagement.es\/en\/wp-json\/wp\/v2\/comments?post=344"}],"version-history":[{"count":13,"href":"https:\/\/ekinezstrategicmanagement.es\/en\/wp-json\/wp\/v2\/pages\/344\/revisions"}],"predecessor-version":[{"id":357,"href":"https:\/\/ekinezstrategicmanagement.es\/en\/wp-json\/wp\/v2\/pages\/344\/revisions\/357"}],"wp:attachment":[{"href":"https:\/\/ekinezstrategicmanagement.es\/en\/wp-json\/wp\/v2\/media?parent=344"}],"curies":[{"name":"wp","href":"https:\/\/api.w.org\/{rel}","templated":true}]}}